{"id":505,"date":"2019-06-25T16:00:22","date_gmt":"2019-06-25T14:00:22","guid":{"rendered":"http:\/\/wanner.webfeinschliff.de\/beispiel-seite\/"},"modified":"2024-11-22T18:19:39","modified_gmt":"2024-11-22T17:19:39","slug":"beispiel-seite","status":"publish","type":"page","link":"https:\/\/www.wanner-technik.de\/en\/","title":{"rendered":"Startseite"},"content":{"rendered":"<section class=\"l-section wpb_row us_custom_56e35789 height_auto width_full type_sticky\"><div class=\"l-section-h i-cf\"><div class=\"g-cols vc_row via_flex valign_top type_default stacking_default\"><div class=\"vc_col-sm-12 wpb_column vc_column_container\"><div class=\"vc_column-inner\"><div class=\"wpb_wrapper\"><div class=\"w-image us_custom_d2c874f1 align_right\"><a title=\"Newsletter\" href=\"https:\/\/www.wanner-technik.de\/en\/newsletter\/\" aria-label=\"Unbenannt-2\" class=\"w-image-h\"><img decoding=\"async\" width=\"40\" height=\"200\" src=\"https:\/\/www.wanner-technik.de\/wp-content\/uploads\/2019\/07\/Unbenannt-2.png\" class=\"attachment-large size-large\" alt=\"\" loading=\"lazy\" srcset=\"https:\/\/www.wanner-technik.de\/wp-content\/uploads\/2019\/07\/Unbenannt-2.png 40w, https:\/\/www.wanner-technik.de\/wp-content\/uploads\/2019\/07\/Unbenannt-2-10x50.png 10w, https:\/\/www.wanner-technik.de\/wp-content\/uploads\/2019\/07\/Unbenannt-2-8x40.png 8w, https:\/\/www.wanner-technik.de\/wp-content\/uploads\/2019\/07\/Unbenannt-2-30x150.png 30w, https:\/\/www.wanner-technik.de\/wp-content\/uploads\/2019\/07\/Unbenannt-2-12x60.png 12w, https:\/\/www.wanner-technik.de\/wp-content\/uploads\/2019\/07\/Unbenannt-2-20x100.png 20w\" sizes=\"auto, (max-width: 40px) 100vw, 40px\" \/><\/a><\/div><\/div><\/div><\/div><\/div><\/div><\/section><section class=\"l-section wpb_row us_custom_9ffe0c27 height_auto width_full\"><div class=\"l-section-h i-cf\"><div class=\"g-cols vc_row via_flex valign_top type_default stacking_default\"><div class=\"vc_col-sm-12 wpb_column vc_column_container\"><div class=\"vc_column-inner\"><div class=\"wpb_wrapper\">[rev_slider_vc alias=&#8221;startseite&#8221;]<\/div><\/div><\/div><\/div><\/div><\/section><section class=\"l-section wpb_row height_small\"><div class=\"l-section-h i-cf\"><div class=\"g-cols vc_row via_flex valign_top type_default stacking_default\"><div class=\"vc_col-sm-12 vc_hidden-xs wpb_column vc_column_container verlaufszeile\"><div class=\"vc_column-inner\"><div class=\"wpb_wrapper\"><div class=\"g-cols wpb_row via_flex valign_top type_default stacking_default\"><div class=\"vc_col-sm-12 wpb_column vc_column_container\"><div class=\"vc_column-inner\"><div class=\"wpb_wrapper\"><div class=\"w-grid us_carousel us_custom_9fa5450c .karussell type_carousel layout_44 preload_style_spinner items_4\" id=\"us_grid_1\" style=\"--items:4;--gap:2rem;\"><style>.layout_44 .w-grid-item-h{background:linear-gradient(180deg,#ffffff,#EBEBEB)}.layout_44 .usg_post_image_1{margin:30px!important}.layout_44 .usg_post_title_1{font-family:var(--font-family)!important;color:#ffffff!important;padding:10px!important;background:#FF5A08!important}<\/style><div class=\"w-grid-list owl-carousel valign_stretch dotstyle_circle navstyle_circle arrows-ver-pos_middle arrows-hor-pos_on_sides_inside arrows-disabled_hide owl-responsive-2000 with_arrows\" style=\"--transition-duration:350ms;--arrows-size:7rem;--arrows-hor-offset:calc(0px - 2rem);--arrows-gap:10px;\">\t<article class=\"w-grid-item post-3036 us_portfolio type-us_portfolio status-publish has-post-thumbnail hentry us_portfolio_category-granulators us_portfolio_tag-granulators\" data-id=\"3036\">\r\n\t\t<div class=\"w-grid-item-h\">\r\n\t\t\t\t\t\t<div class=\"w-post-elm post_image usg_post_image_1 stretched\"><a href=\"https:\/\/www.wanner-technik.de\/en\/granulators\/cle\/\" aria-label=\"CLE\"><img loading=\"lazy\" decoding=\"async\" width=\"763\" height=\"1109\" src=\"https:\/\/www.wanner-technik.de\/wp-content\/uploads\/2022\/04\/CLE23.35-Standard-ausgeschnitten-mit-Logo.png\" class=\"attachment-full size-full wp-post-image\" alt=\"\" srcset=\"https:\/\/www.wanner-technik.de\/wp-content\/uploads\/2022\/04\/CLE23.35-Standard-ausgeschnitten-mit-Logo.png 763w, https:\/\/www.wanner-technik.de\/wp-content\/uploads\/2022\/04\/CLE23.35-Standard-ausgeschnitten-mit-Logo-206x300.png 206w, https:\/\/www.wanner-technik.de\/wp-content\/uploads\/2022\/04\/CLE23.35-Standard-ausgeschnitten-mit-Logo-705x1024.png 705w\" sizes=\"auto, (max-width: 763px) 100vw, 763px\" \/><\/a><\/div><h2 class=\"w-post-elm post_title usg_post_title_1 has_text_color align_center entry-title color_link_inherit\"><a href=\"https:\/\/www.wanner-technik.de\/en\/granulators\/cle\/\">CLE<\/a><\/h2>\t\t<\/div>\r\n\t\t\t<\/article>\r\n\t<article class=\"w-grid-item post-1993 us_portfolio type-us_portfolio status-publish has-post-thumbnail hentry us_portfolio_category-granulators us_portfolio_tag-granulators\" data-id=\"1993\">\r\n\t\t<div class=\"w-grid-item-h\">\r\n\t\t\t\t\t\t<div class=\"w-post-elm post_image usg_post_image_1 stretched\"><a href=\"https:\/\/www.wanner-technik.de\/en\/granulators\/energy\/\" aria-label=\"Energy\"><img loading=\"lazy\" decoding=\"async\" width=\"1072\" height=\"1130\" src=\"https:\/\/www.wanner-technik.de\/wp-content\/uploads\/2019\/08\/E45.80-Standard-ISO-Ansicht-2-1.png\" class=\"attachment-full size-full wp-post-image\" alt=\"\" srcset=\"https:\/\/www.wanner-technik.de\/wp-content\/uploads\/2019\/08\/E45.80-Standard-ISO-Ansicht-2-1.png 1072w, https:\/\/www.wanner-technik.de\/wp-content\/uploads\/2019\/08\/E45.80-Standard-ISO-Ansicht-2-1-285x300.png 285w, https:\/\/www.wanner-technik.de\/wp-content\/uploads\/2019\/08\/E45.80-Standard-ISO-Ansicht-2-1-971x1024.png 971w, https:\/\/www.wanner-technik.de\/wp-content\/uploads\/2019\/08\/E45.80-Standard-ISO-Ansicht-2-1-47x50.png 47w, https:\/\/www.wanner-technik.de\/wp-content\/uploads\/2019\/08\/E45.80-Standard-ISO-Ansicht-2-1-38x40.png 38w, https:\/\/www.wanner-technik.de\/wp-content\/uploads\/2019\/08\/E45.80-Standard-ISO-Ansicht-2-1-142x150.png 142w, https:\/\/www.wanner-technik.de\/wp-content\/uploads\/2019\/08\/E45.80-Standard-ISO-Ansicht-2-1-49x52.png 49w, https:\/\/www.wanner-technik.de\/wp-content\/uploads\/2019\/08\/E45.80-Standard-ISO-Ansicht-2-1-95x100.png 95w\" sizes=\"auto, (max-width: 1072px) 100vw, 1072px\" \/><\/a><\/div><h2 class=\"w-post-elm post_title usg_post_title_1 has_text_color align_center entry-title color_link_inherit\"><a href=\"https:\/\/www.wanner-technik.de\/en\/granulators\/energy\/\">Energy<\/a><\/h2>\t\t<\/div>\r\n\t\t\t<\/article>\r\n\t<article class=\"w-grid-item post-1203 us_portfolio type-us_portfolio status-publish has-post-thumbnail hentry us_portfolio_category-granulators us_portfolio_tag-granulators\" data-id=\"1203\">\r\n\t\t<div class=\"w-grid-item-h\">\r\n\t\t\t\t\t\t<div class=\"w-post-elm post_image usg_post_image_1 stretched\"><a href=\"https:\/\/www.wanner-technik.de\/en\/granulators\/tt-cutter\/\" aria-label=\"TT-Cutter\"><img loading=\"lazy\" decoding=\"async\" width=\"834\" height=\"769\" src=\"https:\/\/www.wanner-technik.de\/wp-content\/uploads\/2019\/07\/RC03.18-alleine-ISO-Ansicht-zugeschnitten.png\" class=\"attachment-full size-full wp-post-image\" alt=\"\" srcset=\"https:\/\/www.wanner-technik.de\/wp-content\/uploads\/2019\/07\/RC03.18-alleine-ISO-Ansicht-zugeschnitten.png 834w, https:\/\/www.wanner-technik.de\/wp-content\/uploads\/2019\/07\/RC03.18-alleine-ISO-Ansicht-zugeschnitten-300x277.png 300w\" sizes=\"auto, (max-width: 834px) 100vw, 834px\" \/><\/a><\/div><h2 class=\"w-post-elm post_title usg_post_title_1 has_text_color align_center entry-title color_link_inherit\"><a href=\"https:\/\/www.wanner-technik.de\/en\/granulators\/tt-cutter\/\">TT-Cutter<\/a><\/h2>\t\t<\/div>\r\n\t\t\t<\/article>\r\n\t<article class=\"w-grid-item post-1193 us_portfolio type-us_portfolio status-publish has-post-thumbnail hentry us_portfolio_category-granulators us_portfolio_tag-granulators\" data-id=\"1193\">\r\n\t\t<div class=\"w-grid-item-h\">\r\n\t\t\t\t\t\t<div class=\"w-post-elm post_image usg_post_image_1 stretched\"><a href=\"https:\/\/www.wanner-technik.de\/en\/granulators\/tg-extruder\/\" aria-label=\"TG-Extruder\"><img loading=\"lazy\" decoding=\"async\" width=\"2218\" height=\"1707\" src=\"https:\/\/www.wanner-technik.de\/wp-content\/uploads\/2019\/07\/tg-extruder.png\" class=\"attachment-full size-full wp-post-image\" alt=\"\" srcset=\"https:\/\/www.wanner-technik.de\/wp-content\/uploads\/2019\/07\/tg-extruder.png 2218w, https:\/\/www.wanner-technik.de\/wp-content\/uploads\/2019\/07\/tg-extruder-300x231.png 300w, https:\/\/www.wanner-technik.de\/wp-content\/uploads\/2019\/07\/tg-extruder-1024x788.png 1024w, https:\/\/www.wanner-technik.de\/wp-content\/uploads\/2019\/07\/tg-extruder-50x38.png 50w, https:\/\/www.wanner-technik.de\/wp-content\/uploads\/2019\/07\/tg-extruder-40x31.png 40w, https:\/\/www.wanner-technik.de\/wp-content\/uploads\/2019\/07\/tg-extruder-195x150.png 195w, https:\/\/www.wanner-technik.de\/wp-content\/uploads\/2019\/07\/tg-extruder-60x46.png 60w, https:\/\/www.wanner-technik.de\/wp-content\/uploads\/2019\/07\/tg-extruder-100x77.png 100w\" sizes=\"auto, (max-width: 2218px) 100vw, 2218px\" \/><\/a><\/div><h2 class=\"w-post-elm post_title usg_post_title_1 has_text_color align_center entry-title color_link_inherit\"><a href=\"https:\/\/www.wanner-technik.de\/en\/granulators\/tg-extruder\/\">TG-Extruder<\/a><\/h2>\t\t<\/div>\r\n\t\t\t<\/article>\r\n\t<article class=\"w-grid-item post-1184 us_portfolio type-us_portfolio status-publish has-post-thumbnail hentry us_portfolio_category-granulators us_portfolio_tag-granulators\" data-id=\"1184\">\r\n\t\t<div class=\"w-grid-item-h\">\r\n\t\t\t\t\t\t<div class=\"w-post-elm post_image usg_post_image_1 stretched\"><a href=\"https:\/\/www.wanner-technik.de\/en\/granulators\/energy-2\/\" aria-label=\"Energy\"><img loading=\"lazy\" decoding=\"async\" width=\"135\" height=\"156\" src=\"https:\/\/www.wanner-technik.de\/wp-content\/uploads\/2019\/07\/zentralschneidmuehle-energy.png\" class=\"attachment-full size-full wp-post-image\" alt=\"\" srcset=\"https:\/\/www.wanner-technik.de\/wp-content\/uploads\/2019\/07\/zentralschneidmuehle-energy.png 135w, https:\/\/www.wanner-technik.de\/wp-content\/uploads\/2019\/07\/zentralschneidmuehle-energy-43x50.png 43w, https:\/\/www.wanner-technik.de\/wp-content\/uploads\/2019\/07\/zentralschneidmuehle-energy-35x40.png 35w, https:\/\/www.wanner-technik.de\/wp-content\/uploads\/2019\/07\/zentralschneidmuehle-energy-130x150.png 130w, https:\/\/www.wanner-technik.de\/wp-content\/uploads\/2019\/07\/zentralschneidmuehle-energy-52x60.png 52w, https:\/\/www.wanner-technik.de\/wp-content\/uploads\/2019\/07\/zentralschneidmuehle-energy-87x100.png 87w\" sizes=\"auto, (max-width: 135px) 100vw, 135px\" \/><\/a><\/div><h2 class=\"w-post-elm post_title usg_post_title_1 has_text_color align_center entry-title color_link_inherit\"><a href=\"https:\/\/www.wanner-technik.de\/en\/granulators\/energy-2\/\">Energy<\/a><\/h2>\t\t<\/div>\r\n\t\t\t<\/article>\r\n\t<article class=\"w-grid-item post-1177 us_portfolio type-us_portfolio status-publish has-post-thumbnail hentry us_portfolio_category-granulators us_portfolio_tag-granulators\" data-id=\"1177\">\r\n\t\t<div class=\"w-grid-item-h\">\r\n\t\t\t\t\t\t<div class=\"w-post-elm post_image usg_post_image_1 stretched\"><a href=\"https:\/\/www.wanner-technik.de\/en\/granulators\/dynamic\/\" aria-label=\"Dynamic\"><img loading=\"lazy\" decoding=\"async\" width=\"135\" height=\"204\" src=\"https:\/\/www.wanner-technik.de\/wp-content\/uploads\/2019\/07\/schneidmuehle-d-serie-dynamic.png\" class=\"attachment-full size-full wp-post-image\" alt=\"\" srcset=\"https:\/\/www.wanner-technik.de\/wp-content\/uploads\/2019\/07\/schneidmuehle-d-serie-dynamic.png 135w, https:\/\/www.wanner-technik.de\/wp-content\/uploads\/2019\/07\/schneidmuehle-d-serie-dynamic-33x50.png 33w, https:\/\/www.wanner-technik.de\/wp-content\/uploads\/2019\/07\/schneidmuehle-d-serie-dynamic-26x40.png 26w, https:\/\/www.wanner-technik.de\/wp-content\/uploads\/2019\/07\/schneidmuehle-d-serie-dynamic-99x150.png 99w, https:\/\/www.wanner-technik.de\/wp-content\/uploads\/2019\/07\/schneidmuehle-d-serie-dynamic-40x60.png 40w, https:\/\/www.wanner-technik.de\/wp-content\/uploads\/2019\/07\/schneidmuehle-d-serie-dynamic-66x100.png 66w\" sizes=\"auto, (max-width: 135px) 100vw, 135px\" \/><\/a><\/div><h2 class=\"w-post-elm post_title usg_post_title_1 has_text_color align_center entry-title color_link_inherit\"><a href=\"https:\/\/www.wanner-technik.de\/en\/granulators\/dynamic\/\">Dynamic<\/a><\/h2>\t\t<\/div>\r\n\t\t\t<\/article>\r\n\t<article class=\"w-grid-item post-1168 us_portfolio type-us_portfolio status-publish has-post-thumbnail hentry us_portfolio_category-granulators us_portfolio_tag-granulators\" data-id=\"1168\">\r\n\t\t<div class=\"w-grid-item-h\">\r\n\t\t\t\t\t\t<div class=\"w-post-elm post_image usg_post_image_1 stretched\"><a href=\"https:\/\/www.wanner-technik.de\/en\/granulators\/xtra\/\" aria-label=\"Xtra\"><img loading=\"lazy\" decoding=\"async\" width=\"458\" height=\"800\" src=\"https:\/\/www.wanner-technik.de\/wp-content\/uploads\/2019\/07\/WT_140527_061.png\" class=\"attachment-full size-full wp-post-image\" alt=\"\" srcset=\"https:\/\/www.wanner-technik.de\/wp-content\/uploads\/2019\/07\/WT_140527_061.png 458w, https:\/\/www.wanner-technik.de\/wp-content\/uploads\/2019\/07\/WT_140527_061-172x300.png 172w, https:\/\/www.wanner-technik.de\/wp-content\/uploads\/2019\/07\/WT_140527_061-29x50.png 29w, https:\/\/www.wanner-technik.de\/wp-content\/uploads\/2019\/07\/WT_140527_061-23x40.png 23w, https:\/\/www.wanner-technik.de\/wp-content\/uploads\/2019\/07\/WT_140527_061-86x150.png 86w, https:\/\/www.wanner-technik.de\/wp-content\/uploads\/2019\/07\/WT_140527_061-34x60.png 34w, https:\/\/www.wanner-technik.de\/wp-content\/uploads\/2019\/07\/WT_140527_061-57x100.png 57w\" sizes=\"auto, (max-width: 458px) 100vw, 458px\" \/><\/a><\/div><h2 class=\"w-post-elm post_title usg_post_title_1 has_text_color align_center entry-title color_link_inherit\"><a href=\"https:\/\/www.wanner-technik.de\/en\/granulators\/xtra\/\">Xtra<\/a><\/h2>\t\t<\/div>\r\n\t\t\t<\/article>\r\n\t<article class=\"w-grid-item post-1136 us_portfolio type-us_portfolio status-publish has-post-thumbnail hentry us_portfolio_category-granulators us_portfolio_tag-granulators\" data-id=\"1136\">\r\n\t\t<div class=\"w-grid-item-h\">\r\n\t\t\t\t\t\t<div class=\"w-post-elm post_image usg_post_image_1 stretched\"><a href=\"https:\/\/www.wanner-technik.de\/en\/granulators\/compact\/\" aria-label=\"Compact\"><img loading=\"lazy\" decoding=\"async\" width=\"165\" height=\"240\" src=\"https:\/\/www.wanner-technik.de\/wp-content\/uploads\/2019\/06\/schneidmuehle-beistellmuehle-compact.png\" class=\"attachment-full size-full wp-post-image\" alt=\"\" srcset=\"https:\/\/www.wanner-technik.de\/wp-content\/uploads\/2019\/06\/schneidmuehle-beistellmuehle-compact.png 165w, https:\/\/www.wanner-technik.de\/wp-content\/uploads\/2019\/06\/schneidmuehle-beistellmuehle-compact-34x50.png 34w\" sizes=\"auto, (max-width: 165px) 100vw, 165px\" \/><\/a><\/div><h2 class=\"w-post-elm post_title usg_post_title_1 has_text_color align_center entry-title color_link_inherit\"><a href=\"https:\/\/www.wanner-technik.de\/en\/granulators\/compact\/\">Compact<\/a><\/h2>\t\t<\/div>\r\n\t\t\t<\/article>\r\n\t<article class=\"w-grid-item post-523 us_portfolio type-us_portfolio status-publish has-post-thumbnail hentry us_portfolio_category-granulators us_portfolio_tag-granulators\" data-id=\"523\">\r\n\t\t<div class=\"w-grid-item-h\">\r\n\t\t\t\t\t\t<div class=\"w-post-elm post_image usg_post_image_1 stretched\"><a href=\"https:\/\/www.wanner-technik.de\/en\/granulators\/baby\/\" aria-label=\"Baby\"><img loading=\"lazy\" decoding=\"async\" width=\"200\" height=\"159\" src=\"https:\/\/www.wanner-technik.de\/wp-content\/uploads\/2019\/06\/schneidmuehle-teaser-typ-baby.png\" class=\"attachment-full size-full wp-post-image\" alt=\"\" \/><\/a><\/div><h2 class=\"w-post-elm post_title usg_post_title_1 has_text_color align_center entry-title color_link_inherit\"><a href=\"https:\/\/www.wanner-technik.de\/en\/granulators\/baby\/\">Baby<\/a><\/h2>\t\t<\/div>\r\n\t\t\t<\/article>\r\n<\/div><div class=\"w-grid-carousel-json hidden\" onclick='return {&quot;carousel_settings&quot;:{&quot;aria_labels&quot;:{&quot;prev&quot;:&quot;Previous&quot;,&quot;next&quot;:&quot;Next&quot;},&quot;autoplayContinual&quot;:false,&quot;autoplayHoverPause&quot;:false,&quot;autoplayTimeout&quot;:3000,&quot;autoWidth&quot;:false,&quot;smartSpeed&quot;:350,&quot;margin&quot;:0,&quot;mouseDrag&quot;:true,&quot;rtl&quot;:false,&quot;slideBy&quot;:&quot;1&quot;,&quot;touchDrag&quot;:true,&quot;slideTransition&quot;:&quot;&quot;,&quot;responsive&quot;:{&quot;0&quot;:{&quot;autoHeight&quot;:false,&quot;autoplay&quot;:true,&quot;autoWidth&quot;:false,&quot;center&quot;:false,&quot;dots&quot;:false,&quot;items&quot;:1,&quot;loop&quot;:true,&quot;nav&quot;:false,&quot;stagePadding&quot;:0,&quot;slideBy&quot;:&quot;1&quot;},&quot;601&quot;:{&quot;autoHeight&quot;:false,&quot;autoplay&quot;:true,&quot;autoWidth&quot;:false,&quot;center&quot;:false,&quot;dots&quot;:false,&quot;items&quot;:2,&quot;loop&quot;:true,&quot;nav&quot;:true,&quot;stagePadding&quot;:0,&quot;slideBy&quot;:&quot;1&quot;},&quot;1025&quot;:{&quot;autoHeight&quot;:false,&quot;autoplay&quot;:true,&quot;autoWidth&quot;:false,&quot;center&quot;:false,&quot;dots&quot;:false,&quot;items&quot;:3,&quot;loop&quot;:true,&quot;nav&quot;:true,&quot;stagePadding&quot;:0,&quot;slideBy&quot;:&quot;1&quot;},&quot;1281&quot;:{&quot;items&quot;:4,&quot;autoplay&quot;:false,&quot;center&quot;:false,&quot;dots&quot;:false,&quot;nav&quot;:true,&quot;autoHeight&quot;:false,&quot;autoWidth&quot;:false,&quot;loop&quot;:true,&quot;stagePadding&quot;:0}}}}'><\/div><\/div><\/div><\/div><\/div><\/div><\/div><\/div><\/div><\/div><\/div><\/section><section class=\"l-section wpb_row height_medium\"><div class=\"l-section-h i-cf\"><div class=\"g-cols vc_row via_flex valign_top type_default stacking_default\"><div class=\"vc_col-sm-8 wpb_column vc_column_container\"><div class=\"vc_column-inner\"><div class=\"wpb_wrapper\"><div class=\"wpb_text_column\"><div class=\"wpb_wrapper\"><h3>WANNER SCHNEIDM\u00dcHLEN<\/h3>\n<\/div><\/div><div class=\"w-separator us_custom_053637e0 has_text_color size_small with_line width_default thick_1 style_dotted color_border align_center\"><div class=\"w-separator-h\"><\/div><\/div><div class=\"g-cols wpb_row via_flex valign_top type_default stacking_default\"><div class=\"vc_col-sm-6 wpb_column vc_column_container\"><div class=\"vc_column-inner\"><div class=\"wpb_wrapper\"><div class=\"wpb_text_column\"><div class=\"wpb_wrapper\"><p>Jede\u00a0<a href=\"https:\/\/www.wanner-technik.de\/schneidmuehlen\/\">Schneidm\u00fchle<\/a>\u00a0aus dem Hause\u00a0Wanner-Technik bietet optimale L\u00f6sungen f\u00fcr die Zerkleinerung von\u00a0<a href=\"https:\/\/www.wanner-technik.de\/wanner-technik-abc\/anguss\/\">Ang\u00fcssen<\/a>, Butzen und Fehlteilen, die bei der Herstellung von\u00a0<a href=\"https:\/\/www.wanner-technik.de\/wanner-technik-abc\/spritzgussmaschine\/\">spritzgegossenen<\/a>, geblasenen oder extrudierten Produkten aus thermoplastischen Kunststoffen anfallen. In jeder Wanner\u00a0<a href=\"https:\/\/www.wanner-technik.de\/wanner-technik-abc\/kunststoffschneidmuehle\/\">Kunststoffschneidm\u00fchle\u00a0<\/a>steckt die Erfahrung jahrzehntelanger T\u00e4tigkeit\u00a0im Kunstoffrecycling und in der Zerkleinerungstechnik. Diese Erfahrung zeigt sich in den vielen ausgereiften Detaill\u00f6sungen, die Ihnen und Ihren Mitarbeitern die t\u00e4gliche Arbeit erleichtern und somit f\u00fcr h\u00f6here Produktivit\u00e4t sorgen.<\/p>\n<\/div><\/div><\/div><\/div><\/div><div class=\"vc_col-sm-6 wpb_column vc_column_container\"><div class=\"vc_column-inner\"><div class=\"wpb_wrapper\"><div class=\"wpb_text_column\"><div class=\"wpb_wrapper\"><p class=\"bodytext\">Die Quelle unserer Kompetenz ist das Bem\u00fchen, alles mit den Augen unserer Kunden, also aus der Praxis, zu sehen. T\u00e4glich arbeiten wir daran, spezielle Problemstellungen aus dem Produktionsalltag unserer Kunden pragmatisch und unkompliziert zu l\u00f6sen. Unser Ziel ist es dabei, Produktivit\u00e4t, Sicherheit und Handhabung gleicherma\u00dfen zu optimieren.<\/p>\n<p class=\"bodytext\">F\u00fcr Ihren Bedarf\u00a0bei der\u00a0<a href=\"https:\/\/www.wanner-technik.de\/wanner-technik-abc\/zerkleinerungsmaschine\/\">Zerkleinerung\u00a0<\/a>von\u00a0<a href=\"https:\/\/www.wanner-technik.de\/wanner-technik-abc\/anguss\/\">Ang\u00fcssen<\/a>, Blasbutzen oder fehlerhaften Endprodukten haben wir vielfach bew\u00e4hrte L\u00f6sungen entwickelt. Jetzt anrufen, wir beraten Sie gerne: +49 9342 8583-0<\/p>\n<\/div><\/div><\/div><\/div><\/div><\/div><\/div><\/div><\/div><div class=\"vc_col-sm-4 wpb_column vc_column_container\"><div class=\"vc_column-inner\"><div class=\"wpb_wrapper\"><div class=\"wpb_text_column\"><div class=\"wpb_wrapper\"><h3>WANNER TECHNIK ABC<\/h3>\n<\/div><\/div><div class=\"w-separator us_custom_053637e0 has_text_color size_small with_line width_default thick_1 style_dotted color_border align_center\"><div class=\"w-separator-h\"><\/div><\/div><div class=\"w-image align_center\"><div class=\"w-image-h\"><img decoding=\"async\" width=\"440\" height=\"139\" src=\"https:\/\/www.wanner-technik.de\/wp-content\/uploads\/2019\/06\/informationen-zu-schneidmuehlen.png\" class=\"attachment-full size-full\" alt=\"\" loading=\"lazy\" srcset=\"https:\/\/www.wanner-technik.de\/wp-content\/uploads\/2019\/06\/informationen-zu-schneidmuehlen.png 440w, https:\/\/www.wanner-technik.de\/wp-content\/uploads\/2019\/06\/informationen-zu-schneidmuehlen-300x95.png 300w, https:\/\/www.wanner-technik.de\/wp-content\/uploads\/2019\/06\/informationen-zu-schneidmuehlen-50x16.png 50w\" sizes=\"auto, (max-width: 440px) 100vw, 440px\" \/><\/div><\/div><\/div><\/div><\/div><\/div><\/div><\/section>\n","protected":false},"excerpt":{"rendered":"Baby &#8211; The granulator for the smallest sprues HomePagesPRODUCTS Baby The granulator line for the smallest sprues Compact The beside-the-press granulator line with numerous benefits Dynamic The universal granulator line...","protected":false},"author":1,"featured_media":0,"parent":0,"menu_order":0,"comment_status":"closed","ping_status":"closed","template":"","meta":{"_acf_changed":false,"footnotes":""},"class_list":["post-505","page","type-page","status-publish","hentry"],"acf":[],"yoast_head":"<!-- This site is optimized with the Yoast SEO plugin v27.3 - https:\/\/yoast.com\/product\/yoast-seo-wordpress\/ -->\n<title>Startseite - Wanner Technik GmbH<\/title>\n<meta name=\"robots\" content=\"index, follow, max-snippet:-1, max-image-preview:large, max-video-preview:-1\" \/>\n<link rel=\"canonical\" href=\"https:\/\/www.wanner-technik.de\/en\/beispiel-seite\/\" \/>\n<meta property=\"og:locale\" content=\"en_US\" \/>\n<meta property=\"og:type\" content=\"article\" \/>\n<meta property=\"og:title\" content=\"Startseite - Wanner Technik GmbH\" \/>\n<meta property=\"og:url\" content=\"https:\/\/www.wanner-technik.de\/en\/beispiel-seite\/\" \/>\n<meta property=\"og:site_name\" content=\"Wanner Technik GmbH\" \/>\n<meta property=\"article:modified_time\" content=\"2024-11-22T17:19:39+00:00\" \/>\n<meta name=\"twitter:card\" content=\"summary_large_image\" \/>\n<meta name=\"twitter:label1\" content=\"Est. reading time\" \/>\n\t<meta name=\"twitter:data1\" content=\"5 minutes\" \/>\n<script type=\"application\/ld+json\" class=\"yoast-schema-graph\">{\"@context\":\"https:\\\/\\\/schema.org\",\"@graph\":[{\"@type\":\"WebPage\",\"@id\":\"https:\\\/\\\/www.wanner-technik.de\\\/en\\\/beispiel-seite\\\/\",\"url\":\"https:\\\/\\\/www.wanner-technik.de\\\/en\\\/beispiel-seite\\\/\",\"name\":\"Startseite - Wanner Technik GmbH\",\"isPartOf\":{\"@id\":\"https:\\\/\\\/www.wanner-technik.de\\\/#website\"},\"datePublished\":\"2019-06-25T14:00:22+00:00\",\"dateModified\":\"2024-11-22T17:19:39+00:00\",\"inLanguage\":\"en-US\",\"potentialAction\":[{\"@type\":\"ReadAction\",\"target\":[\"https:\\\/\\\/www.wanner-technik.de\\\/en\\\/beispiel-seite\\\/\"]}]},{\"@type\":\"WebSite\",\"@id\":\"https:\\\/\\\/www.wanner-technik.de\\\/#website\",\"url\":\"https:\\\/\\\/www.wanner-technik.de\\\/\",\"name\":\"Wanner Technik GmbH\",\"description\":\"Die bessere Schneidm\u00fchle\",\"potentialAction\":[{\"@type\":\"SearchAction\",\"target\":{\"@type\":\"EntryPoint\",\"urlTemplate\":\"https:\\\/\\\/www.wanner-technik.de\\\/?s={search_term_string}\"},\"query-input\":{\"@type\":\"PropertyValueSpecification\",\"valueRequired\":true,\"valueName\":\"search_term_string\"}}],\"inLanguage\":\"en-US\"}]}<\/script>\n<!-- \/ Yoast SEO plugin. -->","yoast_head_json":{"title":"Startseite - Wanner Technik GmbH","robots":{"index":"index","follow":"follow","max-snippet":"max-snippet:-1","max-image-preview":"max-image-preview:large","max-video-preview":"max-video-preview:-1"},"canonical":"https:\/\/www.wanner-technik.de\/en\/beispiel-seite\/","og_locale":"en_US","og_type":"article","og_title":"Startseite - Wanner Technik GmbH","og_url":"https:\/\/www.wanner-technik.de\/en\/beispiel-seite\/","og_site_name":"Wanner Technik GmbH","article_modified_time":"2024-11-22T17:19:39+00:00","twitter_card":"summary_large_image","twitter_misc":{"Est. reading time":"5 minutes"},"schema":{"@context":"https:\/\/schema.org","@graph":[{"@type":"WebPage","@id":"https:\/\/www.wanner-technik.de\/en\/beispiel-seite\/","url":"https:\/\/www.wanner-technik.de\/en\/beispiel-seite\/","name":"Startseite - Wanner Technik GmbH","isPartOf":{"@id":"https:\/\/www.wanner-technik.de\/#website"},"datePublished":"2019-06-25T14:00:22+00:00","dateModified":"2024-11-22T17:19:39+00:00","inLanguage":"en-US","potentialAction":[{"@type":"ReadAction","target":["https:\/\/www.wanner-technik.de\/en\/beispiel-seite\/"]}]},{"@type":"WebSite","@id":"https:\/\/www.wanner-technik.de\/#website","url":"https:\/\/www.wanner-technik.de\/","name":"Wanner Technik GmbH","description":"Die bessere Schneidm\u00fchle","potentialAction":[{"@type":"SearchAction","target":{"@type":"EntryPoint","urlTemplate":"https:\/\/www.wanner-technik.de\/?s={search_term_string}"},"query-input":{"@type":"PropertyValueSpecification","valueRequired":true,"valueName":"search_term_string"}}],"inLanguage":"en-US"}]}},"_links":{"self":[{"href":"https:\/\/www.wanner-technik.de\/en\/wp-json\/wp\/v2\/pages\/505","targetHints":{"allow":["GET"]}}],"collection":[{"href":"https:\/\/www.wanner-technik.de\/en\/wp-json\/wp\/v2\/pages"}],"about":[{"href":"https:\/\/www.wanner-technik.de\/en\/wp-json\/wp\/v2\/types\/page"}],"author":[{"embeddable":true,"href":"https:\/\/www.wanner-technik.de\/en\/wp-json\/wp\/v2\/users\/1"}],"replies":[{"embeddable":true,"href":"https:\/\/www.wanner-technik.de\/en\/wp-json\/wp\/v2\/comments?post=505"}],"version-history":[{"count":17,"href":"https:\/\/www.wanner-technik.de\/en\/wp-json\/wp\/v2\/pages\/505\/revisions"}],"predecessor-version":[{"id":3923,"href":"https:\/\/www.wanner-technik.de\/en\/wp-json\/wp\/v2\/pages\/505\/revisions\/3923"}],"wp:attachment":[{"href":"https:\/\/www.wanner-technik.de\/en\/wp-json\/wp\/v2\/media?parent=505"}],"curies":[{"name":"wp","href":"https:\/\/api.w.org\/{rel}","templated":true}]}}